{"id":28,"date":"2016-02-20T14:33:09","date_gmt":"2016-02-20T13:33:09","guid":{"rendered":"http:\/\/mikelmack.com\/?page_id=28"},"modified":"2026-02-17T09:41:16","modified_gmt":"2026-02-17T08:41:16","slug":"mikel-mack","status":"publish","type":"page","link":"https:\/\/mikelmack.com\/","title":{"rendered":"Mikel Mack"},"content":{"rendered":"<p>Seit der Gr\u00fcndung im Jahre 1984 hat sich der Betrieb von einem kleinen Fachgesch\u00e4ft f\u00fcr Schilder und Stempel<br \/>zu einem Werbetechnikunternehmen entwickelt_ das alle Bereiche der Unternehmenspr\u00e4sentation abdeckt &#8211;<br \/>speziell die exakte Umsetzung bestehender Corporate Identity.<\/p>\n<p>Beratung_ Konzeption und Erarbeitung von Probleml\u00f6sungen geh\u00f6ren zu den\u00a0selbstverst\u00e4ndlichen Aufgaben des Unternehmens.<br \/>Durch die kontinuierliche Erweiterung und Anpassung k\u00f6nnen Vorgaben pr\u00e4zise umgesetzt und produziert werden.<\/p>\n<p><img loading=\"lazy\" decoding=\"async\" class=\"alignnone size-full wp-image-738\" src=\"http:\/\/mikelmack.com\/wp-content\/uploads\/2016\/03\/IMG_3519-001.jpg\" alt=\"IMG_3519-001\" width=\"1640\" height=\"931\" data-id=\"738\" srcset=\"https:\/\/mikelmack.com\/wp-content\/uploads\/2016\/03\/IMG_3519-001.jpg 1640w, https:\/\/mikelmack.com\/wp-content\/uploads\/2016\/03\/IMG_3519-001-300x170.jpg 300w, https:\/\/mikelmack.com\/wp-content\/uploads\/2016\/03\/IMG_3519-001-768x436.jpg 768w, https:\/\/mikelmack.com\/wp-content\/uploads\/2016\/03\/IMG_3519-001-1024x581.jpg 1024w\" sizes=\"auto, (max-width: 1640px) 100vw, 1640px\" \/><\/p>\n<ul>\n<li>An folgenden Tagen 2026 haben wir geschlossen | 15.05._ 05.06.<\/li>\n<li>Betriebsurlaub 23.12.2026 &#8211; 06.01.2027<\/li>\n<\/ul>\n\n<div class=\"wp-block-image\">\n<figure class=\"alignright size-large is-resized\"><a href=\"https:\/\/www.instagram.com\/mikelmack.muc\/\"><img loading=\"lazy\" decoding=\"async\" width=\"740\" height=\"230\" src=\"https:\/\/mikelmack.com\/wp-content\/uploads\/2021\/02\/follow-us-insta.jpg\" alt=\"\" class=\"wp-image-1433\" style=\"width:175px;height:55px\" srcset=\"https:\/\/mikelmack.com\/wp-content\/uploads\/2021\/02\/follow-us-insta.jpg 740w, https:\/\/mikelmack.com\/wp-content\/uploads\/2021\/02\/follow-us-insta-300x93.jpg 300w\" sizes=\"auto, (max-width: 740px) 100vw, 740px\" \/><\/a><\/figure><\/div>\n\n\n<p><\/p>\n","protected":false},"excerpt":{"rendered":"<p>Seit der Gr\u00fcndung im Jahre 1984 hat sich der Betrieb von einem kleinen Fachgesch\u00e4ft f\u00fcr Schilder und Stempelzu einem Werbetechnikunternehmen entwickelt_ das alle Bereiche der Unternehmenspr\u00e4sentation abdeckt &#8211;speziell die exakte Umsetzung bestehender Corporate Identity. Beratung_ Konzeption und Erarbeitung von Probleml\u00f6sungen geh\u00f6ren zu den\u00a0selbstverst\u00e4ndlichen Aufgaben des Unternehmens.Durch die kontinuierliche Erweiterung und Anpassung k\u00f6nnen Vorgaben pr\u00e4zise umgesetzt <a href='https:\/\/mikelmack.com\/' class='excerpt-more'>[&#8230;]<\/a><\/p>\n","protected":false},"author":1,"featured_media":0,"parent":0,"menu_order":0,"comment_status":"closed","ping_status":"closed","template":"","meta":{"footnotes":"","_links_to":"","_links_to_target":""},"class_list":["post-28","page","type-page","status-publish","hentry","post-seq-1","post-parity-odd","meta-position-corners","fix"],"_links":{"self":[{"href":"https:\/\/mikelmack.com\/index.php?rest_route=\/wp\/v2\/pages\/28","targetHints":{"allow":["GET"]}}],"collection":[{"href":"https:\/\/mikelmack.com\/index.php?rest_route=\/wp\/v2\/pages"}],"about":[{"href":"https:\/\/mikelmack.com\/index.php?rest_route=\/wp\/v2\/types\/page"}],"author":[{"embeddable":true,"href":"https:\/\/mikelmack.com\/index.php?rest_route=\/wp\/v2\/users\/1"}],"replies":[{"embeddable":true,"href":"https:\/\/mikelmack.com\/index.php?rest_route=%2Fwp%2Fv2%2Fcomments&post=28"}],"version-history":[{"count":72,"href":"https:\/\/mikelmack.com\/index.php?rest_route=\/wp\/v2\/pages\/28\/revisions"}],"predecessor-version":[{"id":1542,"href":"https:\/\/mikelmack.com\/index.php?rest_route=\/wp\/v2\/pages\/28\/revisions\/1542"}],"wp:attachment":[{"href":"https:\/\/mikelmack.com\/index.php?rest_route=%2Fwp%2Fv2%2Fmedia&parent=28"}],"curies":[{"name":"wp","href":"https:\/\/api.w.org\/{rel}","templated":true}]}}