{"id":1047,"date":"2018-03-19T17:50:35","date_gmt":"2018-03-19T16:50:35","guid":{"rendered":"http:\/\/mikelmack.com\/?page_id=1047"},"modified":"2018-08-01T10:03:55","modified_gmt":"2018-08-01T08:03:55","slug":"impressum-2","status":"publish","type":"page","link":"https:\/\/mikelmack.com\/?page_id=1047","title":{"rendered":"Impressum"},"content":{"rendered":"<p>Inhaltlich verantwortlich gem\u00e4\u00df \u00a7 6 MDStV: Michael Mack<\/p>\n<div id=\"c2\" class=\"csc-default\">\n<p class=\"bodytext\"><b>Mikel Mack<\/b><br \/>\nSchweigerstra\u00dfe 16<br \/>\nD-81541 M\u00fcnchen<br \/>\nTelefon +49 89. 6 51 99 19<br \/>\nTelefax +49 89. 6 51 99 21<br \/>\n<a href=\"mailto:mm@mikelmack.de\">Email: <span style=\"color: #0000ff;\">info@mikelmack.de<\/span><\/a><\/p>\n<p class=\"bodytext\">Umsatzsteuer-Identifikationsnummer gem\u00e4\u00df \u00a727 a Umsatzsteuergesetz: DE129909091<\/p>\n<p>Haftungshinweis: Trotz sorgf\u00e4ltiger inhaltlicher Kontrolle wird keine Haftung f\u00fcr die Inhalte externer Links \u00fcbernommen. F\u00fcr den Inhalt der verlinkten Seiten sind ausschlie\u00dflich deren Betreiber verantwortlich.<\/p>\n<\/div>\n","protected":false},"excerpt":{"rendered":"<p>Inhaltlich verantwortlich gem\u00e4\u00df \u00a7 6 MDStV: Michael Mack Mikel Mack Schweigerstra\u00dfe 16 D-81541 M\u00fcnchen Telefon +49 89. 6 51 99 19 Telefax +49 89. 6 51 99 21 Email: info@mikelmack.de Umsatzsteuer-Identifikationsnummer gem\u00e4\u00df \u00a727 a Umsatzsteuergesetz: DE129909091 Haftungshinweis: Trotz sorgf\u00e4ltiger inhaltlicher Kontrolle wird keine Haftung f\u00fcr die Inhalte externer Links \u00fcbernommen. F\u00fcr den Inhalt der verlinkten <a href='https:\/\/mikelmack.com\/?page_id=1047' class='excerpt-more'>[&#8230;]<\/a><\/p>\n","protected":false},"author":2,"featured_media":0,"parent":0,"menu_order":0,"comment_status":"closed","ping_status":"closed","template":"","meta":{"footnotes":"","_links_to":"","_links_to_target":""},"class_list":["post-1047","page","type-page","status-publish","hentry","post-seq-1","post-parity-odd","meta-position-corners","fix"],"_links":{"self":[{"href":"https:\/\/mikelmack.com\/index.php?rest_route=\/wp\/v2\/pages\/1047","targetHints":{"allow":["GET"]}}],"collection":[{"href":"https:\/\/mikelmack.com\/index.php?rest_route=\/wp\/v2\/pages"}],"about":[{"href":"https:\/\/mikelmack.com\/index.php?rest_route=\/wp\/v2\/types\/page"}],"author":[{"embeddable":true,"href":"https:\/\/mikelmack.com\/index.php?rest_route=\/wp\/v2\/users\/2"}],"replies":[{"embeddable":true,"href":"https:\/\/mikelmack.com\/index.php?rest_route=%2Fwp%2Fv2%2Fcomments&post=1047"}],"version-history":[{"count":3,"href":"https:\/\/mikelmack.com\/index.php?rest_route=\/wp\/v2\/pages\/1047\/revisions"}],"predecessor-version":[{"id":1099,"href":"https:\/\/mikelmack.com\/index.php?rest_route=\/wp\/v2\/pages\/1047\/revisions\/1099"}],"wp:attachment":[{"href":"https:\/\/mikelmack.com\/index.php?rest_route=%2Fwp%2Fv2%2Fmedia&parent=1047"}],"curies":[{"name":"wp","href":"https:\/\/api.w.org\/{rel}","templated":true}]}}